{"id":17,"date":"2023-03-31T14:34:54","date_gmt":"2023-03-31T19:34:54","guid":{"rendered":"https:\/\/justiciaclima-ppii.pucp.edu.pe\/?page_id=17"},"modified":"2024-05-13T18:55:03","modified_gmt":"2024-05-13T23:55:03","slug":"sobre-el-proyecto","status":"publish","type":"page","link":"https:\/\/justiciaclima-ppii.pucp.edu.pe\/en\/sobre-el-proyecto\/","title":{"rendered":"About the project"},"content":{"rendered":"<h2 class=\"pb-4\">What are the project's goals?<\/h2>\n<p>The project seeks to a<span style=\"font-weight: 400;\">nalyze Indigenous Peoples' perspectives on climate justice from their territories in Chile and Peru, and their interaction with state climate policies and actions. It aims to ensure that these perspectives are incorporated into official climate policy processes.<\/span><\/p>\n<p>Analyzing Indigenous Peoples' perspectives on climate justice from their territories involves examining how the historical and territorial processes of these communities have interacted with the climate policies and actions of the states in Peru and Chile. Furthermore, it is crucial to identify the progress, challenges, and potential of official policies and initiatives that seek to integrate Indigenous Peoples' perspectives. The capacities of these official policies and initiatives to address broader demands for justice by Indigenous Peoples must also be highlighted and fostered.<\/p>","protected":false},"excerpt":{"rendered":"<p>\u00bfQu\u00e9 busca el proyecto? El proyecto busca analizar las perspectivas de los Pueblos Ind\u00edgenas sobre justicia clim\u00e1tica desde sus territorios en Chile y Per\u00fa, y su interacci\u00f3n con las pol\u00edticas y acciones clim\u00e1ticas de los Estados. Incidir en que estas perspectivas sean incorporadas en los procesos oficiales de las pol\u00edticas clim\u00e1ticas. Analizar las perspectivas de [&hellip;]<\/p>","protected":false},"author":1,"featured_media":0,"parent":0,"menu_order":0,"comment_status":"closed","ping_status":"closed","template":"","meta":{"_acf_changed":false,"footnotes":""},"class_list":["post-17","page","type-page","status-publish","hentry"],"acf":[],"yoast_head":"<!-- This site is optimized with the Yoast SEO plugin v23.1 - https:\/\/yoast.com\/wordpress\/plugins\/seo\/ -->\n<title>Sobre el proyecto - Justicia Clim\u00e1tica y Pueblos Ind\u00edgenas<\/title>\n<meta name=\"description\" content=\"El proyecto busca analizar si las perspectivas y aportes de los Pueblos Ind\u00edgenas, especialmente aquellas que se relacionan con las nociones de justicia e igualdad, han sido incorporadas a los procesos oficiales de las pol\u00edticas clim\u00e1ticas, especialmente sobre de adaptaci\u00f3n.\" \/>\n<meta name=\"robots\" content=\"index, follow, max-snippet:-1, max-image-preview:large, max-video-preview:-1\" \/>\n<link rel=\"canonical\" href=\"https:\/\/justiciaclima-ppii.pucp.edu.pe\/en\/sobre-el-proyecto\/\" \/>\n<meta property=\"og:locale\" content=\"en_US\" \/>\n<meta property=\"og:type\" content=\"article\" \/>\n<meta property=\"og:title\" content=\"Sobre el proyecto - Justicia Clim\u00e1tica y Pueblos Ind\u00edgenas\" \/>\n<meta property=\"og:description\" content=\"El proyecto busca analizar si las perspectivas y aportes de los Pueblos Ind\u00edgenas, especialmente aquellas que se relacionan con las nociones de justicia e igualdad, han sido incorporadas a los procesos oficiales de las pol\u00edticas clim\u00e1ticas, especialmente sobre de adaptaci\u00f3n.\" \/>\n<meta property=\"og:url\" content=\"https:\/\/justiciaclima-ppii.pucp.edu.pe\/en\/sobre-el-proyecto\/\" \/>\n<meta property=\"og:site_name\" content=\"Justicia Clim\u00e1tica y Pueblos Ind\u00edgenas\" \/>\n<meta property=\"article:modified_time\" content=\"2024-05-13T23:55:03+00:00\" \/>\n<meta name=\"twitter:card\" content=\"summary_large_image\" \/>\n<meta name=\"twitter:label1\" content=\"Est. reading time\" \/>\n\t<meta name=\"twitter:data1\" content=\"1 minute\" \/>\n<script type=\"application\/ld+json\" class=\"yoast-schema-graph\">{\"@context\":\"https:\/\/schema.org\",\"@graph\":[{\"@type\":\"WebPage\",\"@id\":\"https:\/\/justiciaclima-ppii.pucp.edu.pe\/sobre-el-proyecto\/\",\"url\":\"https:\/\/justiciaclima-ppii.pucp.edu.pe\/sobre-el-proyecto\/\",\"name\":\"Sobre el proyecto - Justicia Clim\u00e1tica y Pueblos Ind\u00edgenas\",\"isPartOf\":{\"@id\":\"https:\/\/justiciaclima-ppii.pucp.edu.pe\/#website\"},\"datePublished\":\"2023-03-31T19:34:54+00:00\",\"dateModified\":\"2024-05-13T23:55:03+00:00\",\"description\":\"El proyecto busca analizar si las perspectivas y aportes de los Pueblos Ind\u00edgenas, especialmente aquellas que se relacionan con las nociones de justicia e igualdad, han sido incorporadas a los procesos oficiales de las pol\u00edticas clim\u00e1ticas, especialmente sobre de adaptaci\u00f3n.\",\"breadcrumb\":{\"@id\":\"https:\/\/justiciaclima-ppii.pucp.edu.pe\/sobre-el-proyecto\/#breadcrumb\"},\"inLanguage\":\"en-US\",\"potentialAction\":[{\"@type\":\"ReadAction\",\"target\":[\"https:\/\/justiciaclima-ppii.pucp.edu.pe\/sobre-el-proyecto\/\"]}]},{\"@type\":\"BreadcrumbList\",\"@id\":\"https:\/\/justiciaclima-ppii.pucp.edu.pe\/sobre-el-proyecto\/#breadcrumb\",\"itemListElement\":[{\"@type\":\"ListItem\",\"position\":1,\"name\":\"Portada\",\"item\":\"https:\/\/justiciaclima-ppii.pucp.edu.pe\/\"},{\"@type\":\"ListItem\",\"position\":2,\"name\":\"Sobre el proyecto\"}]},{\"@type\":\"WebSite\",\"@id\":\"https:\/\/justiciaclima-ppii.pucp.edu.pe\/#website\",\"url\":\"https:\/\/justiciaclima-ppii.pucp.edu.pe\/\",\"name\":\"Justicia Clim\u00e1tica y Pueblos Ind\u00edgenas\",\"description\":\"\",\"potentialAction\":[{\"@type\":\"SearchAction\",\"target\":{\"@type\":\"EntryPoint\",\"urlTemplate\":\"https:\/\/justiciaclima-ppii.pucp.edu.pe\/?s={search_term_string}\"},\"query-input\":\"required name=search_term_string\"}],\"inLanguage\":\"en-US\"}]}<\/script>\n<!-- \/ Yoast SEO plugin. -->","yoast_head_json":{"title":"Sobre el proyecto - Justicia Clim\u00e1tica y Pueblos Ind\u00edgenas","description":"El proyecto busca analizar si las perspectivas y aportes de los Pueblos Ind\u00edgenas, especialmente aquellas que se relacionan con las nociones de justicia e igualdad, han sido incorporadas a los procesos oficiales de las pol\u00edticas clim\u00e1ticas, especialmente sobre de adaptaci\u00f3n.","robots":{"index":"index","follow":"follow","max-snippet":"max-snippet:-1","max-image-preview":"max-image-preview:large","max-video-preview":"max-video-preview:-1"},"canonical":"https:\/\/justiciaclima-ppii.pucp.edu.pe\/en\/sobre-el-proyecto\/","og_locale":"en_US","og_type":"article","og_title":"Sobre el proyecto - Justicia Clim\u00e1tica y Pueblos Ind\u00edgenas","og_description":"El proyecto busca analizar si las perspectivas y aportes de los Pueblos Ind\u00edgenas, especialmente aquellas que se relacionan con las nociones de justicia e igualdad, han sido incorporadas a los procesos oficiales de las pol\u00edticas clim\u00e1ticas, especialmente sobre de adaptaci\u00f3n.","og_url":"https:\/\/justiciaclima-ppii.pucp.edu.pe\/en\/sobre-el-proyecto\/","og_site_name":"Justicia Clim\u00e1tica y Pueblos Ind\u00edgenas","article_modified_time":"2024-05-13T23:55:03+00:00","twitter_card":"summary_large_image","twitter_misc":{"Est. reading time":"1 minute"},"schema":{"@context":"https:\/\/schema.org","@graph":[{"@type":"WebPage","@id":"https:\/\/justiciaclima-ppii.pucp.edu.pe\/sobre-el-proyecto\/","url":"https:\/\/justiciaclima-ppii.pucp.edu.pe\/sobre-el-proyecto\/","name":"Sobre el proyecto - Justicia Clim\u00e1tica y Pueblos Ind\u00edgenas","isPartOf":{"@id":"https:\/\/justiciaclima-ppii.pucp.edu.pe\/#website"},"datePublished":"2023-03-31T19:34:54+00:00","dateModified":"2024-05-13T23:55:03+00:00","description":"El proyecto busca analizar si las perspectivas y aportes de los Pueblos Ind\u00edgenas, especialmente aquellas que se relacionan con las nociones de justicia e igualdad, han sido incorporadas a los procesos oficiales de las pol\u00edticas clim\u00e1ticas, especialmente sobre de adaptaci\u00f3n.","breadcrumb":{"@id":"https:\/\/justiciaclima-ppii.pucp.edu.pe\/sobre-el-proyecto\/#breadcrumb"},"inLanguage":"en-US","potentialAction":[{"@type":"ReadAction","target":["https:\/\/justiciaclima-ppii.pucp.edu.pe\/sobre-el-proyecto\/"]}]},{"@type":"BreadcrumbList","@id":"https:\/\/justiciaclima-ppii.pucp.edu.pe\/sobre-el-proyecto\/#breadcrumb","itemListElement":[{"@type":"ListItem","position":1,"name":"Portada","item":"https:\/\/justiciaclima-ppii.pucp.edu.pe\/"},{"@type":"ListItem","position":2,"name":"Sobre el proyecto"}]},{"@type":"WebSite","@id":"https:\/\/justiciaclima-ppii.pucp.edu.pe\/#website","url":"https:\/\/justiciaclima-ppii.pucp.edu.pe\/","name":"Justicia Clim\u00e1tica y Pueblos Ind\u00edgenas","description":"","potentialAction":[{"@type":"SearchAction","target":{"@type":"EntryPoint","urlTemplate":"https:\/\/justiciaclima-ppii.pucp.edu.pe\/?s={search_term_string}"},"query-input":"required name=search_term_string"}],"inLanguage":"en-US"}]}},"_links":{"self":[{"href":"https:\/\/justiciaclima-ppii.pucp.edu.pe\/en\/wp-json\/wp\/v2\/pages\/17","targetHints":{"allow":["GET"]}}],"collection":[{"href":"https:\/\/justiciaclima-ppii.pucp.edu.pe\/en\/wp-json\/wp\/v2\/pages"}],"about":[{"href":"https:\/\/justiciaclima-ppii.pucp.edu.pe\/en\/wp-json\/wp\/v2\/types\/page"}],"author":[{"embeddable":true,"href":"https:\/\/justiciaclima-ppii.pucp.edu.pe\/en\/wp-json\/wp\/v2\/users\/1"}],"replies":[{"embeddable":true,"href":"https:\/\/justiciaclima-ppii.pucp.edu.pe\/en\/wp-json\/wp\/v2\/comments?post=17"}],"version-history":[{"count":28,"href":"https:\/\/justiciaclima-ppii.pucp.edu.pe\/en\/wp-json\/wp\/v2\/pages\/17\/revisions"}],"predecessor-version":[{"id":520,"href":"https:\/\/justiciaclima-ppii.pucp.edu.pe\/en\/wp-json\/wp\/v2\/pages\/17\/revisions\/520"}],"wp:attachment":[{"href":"https:\/\/justiciaclima-ppii.pucp.edu.pe\/en\/wp-json\/wp\/v2\/media?parent=17"}],"curies":[{"name":"wp","href":"https:\/\/api.w.org\/{rel}","templated":true}]}}